{"id":10,"date":"2023-02-04T22:03:42","date_gmt":"2023-02-04T21:03:42","guid":{"rendered":"http:\/\/sillboularna.se\/?page_id=10"},"modified":"2023-02-14T17:19:21","modified_gmt":"2023-02-14T16:19:21","slug":"foreningen","status":"publish","type":"page","link":"http:\/\/sillboularna.se\/?page_id=10","title":{"rendered":"F\u00f6reningen"},"content":{"rendered":"\n<p>Simrishamns Boulef\u00f6rening Sillboularna bildades h\u00f6sten 1992 av ett g\u00e4ng entusiaster som b\u00f6rjade spela boule i Suckarnas g\u00e5ng.<\/p>\n\n\n\n<p>Fler och fler lockades att prova p\u00e5 att kasta bouleklot och snart blev g\u00e5ngen f\u00f6r kort!&nbsp;Blickarna riktades mot S\u00f6dra planteringen och efter tillst\u00e5nd fr\u00e5n Simrishamns Kommun anlades 12 banor som invigdes i maj 1994. 1997 byggdes ocks\u00e5 en klubbstuga, &#8221;Paviljongen&#8221;, som d\u00e4refter f\u00f6rb\u00e4ttrats och byggts till i omg\u00e5ngar.<\/p>\n\n\n\n<p>Efter n\u00e5gra vinters\u00e4songer sn\u00f6skottande och (f\u00f6r-)frusna fingrar v\u00e4cktes tankarna p\u00e5 en inomhushall och 2002 fick f\u00f6reningen m\u00f6jlighet att disponera ett f d milit\u00e4rf\u00f6rr\u00e5d p\u00e5 Skansen. Sex boulebanor anlades i hallen och ett kaf\u00e9utrymme och\u00a0toaletter. H\u00f6sten 2010 byggdes hallen till och har nu ett riktigt k\u00f6k, tv\u00e5 toaletter samt arkiv.\u00a0<\/p>\n\n\n\n<p>Inom Simrishamns Boulef\u00f6rening Sillboularna spelas b\u00e5de t\u00e4vlingsboule och s\u00e4llskapsboule. Vi arrangerar t\u00e4vlingar med deltagare fr\u00e5n s\u00f6dra Sverige och vi har deltagit i Svenska M\u00e4sterskapen varje \u00e5r sedan 1995.<\/p>\n","protected":false},"excerpt":{"rendered":"<p>Simrishamns Boulef\u00f6rening Sillboularna bildades h\u00f6sten 1992 av ett g\u00e4ng entusiaster som b\u00f6rjade spela boule i Suckarnas g\u00e5ng. Fler och fler lockades att prova p\u00e5 att kasta bouleklot och snart blev g\u00e5ngen f\u00f6r kort!&nbsp;Blickarna riktades mot S\u00f6dra planteringen och efter tillst\u00e5nd fr\u00e5n Simrishamns Kommun anlades 12 banor som invigdes i maj 1994. 1997 byggdes ocks\u00e5 en [&hellip;]<\/p>\n","protected":false},"author":1,"featured_media":0,"parent":0,"menu_order":0,"comment_status":"closed","ping_status":"closed","template":"","meta":{"_mc_calendar":[],"footnotes":""},"class_list":["post-10","page","type-page","status-publish","hentry"],"_links":{"self":[{"href":"http:\/\/sillboularna.se\/index.php?rest_route=\/wp\/v2\/pages\/10","targetHints":{"allow":["GET"]}}],"collection":[{"href":"http:\/\/sillboularna.se\/index.php?rest_route=\/wp\/v2\/pages"}],"about":[{"href":"http:\/\/sillboularna.se\/index.php?rest_route=\/wp\/v2\/types\/page"}],"author":[{"embeddable":true,"href":"http:\/\/sillboularna.se\/index.php?rest_route=\/wp\/v2\/users\/1"}],"replies":[{"embeddable":true,"href":"http:\/\/sillboularna.se\/index.php?rest_route=%2Fwp%2Fv2%2Fcomments&post=10"}],"version-history":[{"count":3,"href":"http:\/\/sillboularna.se\/index.php?rest_route=\/wp\/v2\/pages\/10\/revisions"}],"predecessor-version":[{"id":155,"href":"http:\/\/sillboularna.se\/index.php?rest_route=\/wp\/v2\/pages\/10\/revisions\/155"}],"wp:attachment":[{"href":"http:\/\/sillboularna.se\/index.php?rest_route=%2Fwp%2Fv2%2Fmedia&parent=10"}],"curies":[{"name":"wp","href":"https:\/\/api.w.org\/{rel}","templated":true}]}}