{"id":162,"date":"2023-02-14T20:28:58","date_gmt":"2023-02-14T19:28:58","guid":{"rendered":"http:\/\/sillboularna.se\/?page_id=162"},"modified":"2025-07-08T20:24:35","modified_gmt":"2025-07-08T18:24:35","slug":"klubbmasterskap-dubbel","status":"publish","type":"page","link":"http:\/\/sillboularna.se\/?page_id=162","title":{"rendered":"Klubbm\u00e4sterskap Dubbel"},"content":{"rendered":"\n<h1 class=\"wp-block-heading\" id=\"ContentStart\">Vinnare i dubbel<\/h1>\n\n\n\n<p>1993&nbsp; Ingemar Magnusson &#8211; Patrik Wennstr\u00f6m<\/p>\n\n\n\n<p>1994&nbsp; Ingvor \u00c5hman &#8211; Lennart \u00c5hman<\/p>\n\n\n\n<p>1995&nbsp; Kalle Andersson (numera B\u00fclow) &#8211; Kaj M\u00e5nsson<\/p>\n\n\n\n<p>1996&nbsp; Bjarne Axelsson Willy Axelsson<\/p>\n\n\n\n<p>1997&nbsp; Lars Bjers &#8211; Lennart \u00c5hman<\/p>\n\n\n\n<p>1998&nbsp; Willy Axelsson &#8211; Arne Persson<\/p>\n\n\n\n<p>1999&nbsp; Lars Bjers &#8211; Lennart \u00c5hman<\/p>\n\n\n\n<p>2000&nbsp; Stig Ekvall &#8211; Sven Persson<\/p>\n\n\n\n<p>2001&nbsp; Bjarne Axelsson &#8211; Jan Paradis<\/p>\n\n\n\n<p>2002&nbsp; Linnea Ahlgren &#8211; Willy Axelsson<\/p>\n\n\n\n<p>2003&nbsp; Bjarne Axelsson &#8211; Froste Persson<\/p>\n\n\n\n<p>2004&nbsp; Ingvor \u00c5hman &#8211; Lennart&nbsp; \u00c5hman<\/p>\n\n\n\n<p>2005&nbsp; Gunnel Wennstr\u00f6m &#8211; Hans Wennstr\u00f6m<\/p>\n\n\n\n<p>2006&nbsp; Bjarne Axelsson &#8211; Willy Axelsson<\/p>\n\n\n\n<p>2007&nbsp; Gunnel Wennstr\u00f6m &#8211; Hans Wennstr\u00f6m<\/p>\n\n\n\n<p>2008&nbsp; Agne Ohlsson &#8211; Bengt Welmer<\/p>\n\n\n\n<p>2009&nbsp; Gunnel Andersson &#8211; Jan-Erik Gram<\/p>\n\n\n\n<p>2010&nbsp; Agne Ohlsson &#8211; Sven Persson<\/p>\n\n\n\n<p>2011&nbsp; Katharina G\u00f6thlin &#8211; Clas G\u00f6thlin<\/p>\n\n\n\n<p>2012&nbsp; Bo Montan &#8211; Jan-Erik Nilsson<\/p>\n\n\n\n<p>2013&nbsp;&nbsp;Sven Persson &#8211; Anders Hansson<\/p>\n\n\n\n<p>2014&nbsp;&nbsp;Sven Persson &#8211; Anders Hansson<\/p>\n\n\n\n<p>2015&nbsp; Arne Persson &#8211; Jan-Erik Nilsson<\/p>\n\n\n\n<p>2016&nbsp; Lars Kroon&nbsp; &#8211;&nbsp; J\u00f6rgen Karlsson<\/p>\n\n\n\n<p>2017&nbsp; Elisabeth Persson&nbsp; &#8211;&nbsp; Cecilia Andersson<\/p>\n\n\n\n<p>2018&nbsp; Eva Hagman&nbsp;&nbsp; &#8211;&nbsp; Sven Persson<\/p>\n\n\n\n<p>2019&nbsp; Sven Persson&nbsp; &#8211;&nbsp; Rolf Andersson<\/p>\n\n\n\n<p>2020&nbsp; Anette Lindvall &#8211; Bo Montan<\/p>\n\n\n\n<p>2021&nbsp; Wivi Ringdahl &#8211; Simon Kjellgren&nbsp;<\/p>\n\n\n\n<p>2022&nbsp; Simon Kjellgren &#8211; Bjarne Axelsson&nbsp;<\/p>\n\n\n\n<p>2023  Rolf Andersson, Leif Bj\u00f6rk<\/p>\n\n\n\n<p>2024  Bo Montan &#8211; Jan-Erik Nilsson <\/p>\n\n\n\n<p>2025  Daniel Hillviken &#8211; David Persson<\/p>\n","protected":false},"excerpt":{"rendered":"<p>Vinnare i dubbel 1993&nbsp; Ingemar Magnusson &#8211; Patrik Wennstr\u00f6m 1994&nbsp; Ingvor \u00c5hman &#8211; Lennart \u00c5hman 1995&nbsp; Kalle Andersson (numera B\u00fclow) &#8211; Kaj M\u00e5nsson 1996&nbsp; Bjarne Axelsson Willy Axelsson 1997&nbsp; Lars Bjers &#8211; Lennart \u00c5hman 1998&nbsp; Willy Axelsson &#8211; Arne Persson 1999&nbsp; Lars Bjers &#8211; Lennart \u00c5hman 2000&nbsp; Stig Ekvall &#8211; Sven Persson 2001&nbsp; Bjarne Axelsson [&hellip;]<\/p>\n","protected":false},"author":1,"featured_media":0,"parent":0,"menu_order":0,"comment_status":"closed","ping_status":"closed","template":"","meta":{"_mc_calendar":[],"footnotes":""},"class_list":["post-162","page","type-page","status-publish","hentry"],"_links":{"self":[{"href":"http:\/\/sillboularna.se\/index.php?rest_route=\/wp\/v2\/pages\/162","targetHints":{"allow":["GET"]}}],"collection":[{"href":"http:\/\/sillboularna.se\/index.php?rest_route=\/wp\/v2\/pages"}],"about":[{"href":"http:\/\/sillboularna.se\/index.php?rest_route=\/wp\/v2\/types\/page"}],"author":[{"embeddable":true,"href":"http:\/\/sillboularna.se\/index.php?rest_route=\/wp\/v2\/users\/1"}],"replies":[{"embeddable":true,"href":"http:\/\/sillboularna.se\/index.php?rest_route=%2Fwp%2Fv2%2Fcomments&post=162"}],"version-history":[{"count":4,"href":"http:\/\/sillboularna.se\/index.php?rest_route=\/wp\/v2\/pages\/162\/revisions"}],"predecessor-version":[{"id":1237,"href":"http:\/\/sillboularna.se\/index.php?rest_route=\/wp\/v2\/pages\/162\/revisions\/1237"}],"wp:attachment":[{"href":"http:\/\/sillboularna.se\/index.php?rest_route=%2Fwp%2Fv2%2Fmedia&parent=162"}],"curies":[{"name":"wp","href":"https:\/\/api.w.org\/{rel}","templated":true}]}}