{"id":168,"date":"2023-02-14T20:40:20","date_gmt":"2023-02-14T19:40:20","guid":{"rendered":"http:\/\/sillboularna.se\/?page_id=168"},"modified":"2025-07-08T20:25:40","modified_gmt":"2025-07-08T18:25:40","slug":"silvercupen-damer","status":"publish","type":"page","link":"http:\/\/sillboularna.se\/?page_id=168","title":{"rendered":"Silvercupen &#8211; Damer"},"content":{"rendered":"\n<h1 class=\"wp-block-heading\" id=\"ContentStart\">vinnare<\/h1>\n\n\n\n<p>1994&nbsp; Elisabeth Persson<\/p>\n\n\n\n<p>1995&nbsp; Ingvor \u00c5hman<\/p>\n\n\n\n<p>1996&nbsp; Elisabeth Persson<\/p>\n\n\n\n<p>1997&nbsp; Agneta Paradis<\/p>\n\n\n\n<p>1998&nbsp; Sandra J\u00f6sson<\/p>\n\n\n\n<p>1999&nbsp; Kerstin Lindstr\u00f6m<\/p>\n\n\n\n<p>2000&nbsp; Barbro Holmstr\u00f6m<\/p>\n\n\n\n<p>2001&nbsp; Laila Kindberg<\/p>\n\n\n\n<p>2002&nbsp; Sandra J\u00f6nsson<\/p>\n\n\n\n<p>2003&nbsp; Sandra J\u00f6nsson<\/p>\n\n\n\n<p>2004&nbsp; Cecilia Anderssson<\/p>\n\n\n\n<p>2005&nbsp; Elisabeth Persson<\/p>\n\n\n\n<p>2006&nbsp; Wictoria Gustafsson<\/p>\n\n\n\n<p>2007&nbsp; Cecilia Andersson<\/p>\n\n\n\n<p>2008&nbsp; Gunnel Wennstr\u00f6m<\/p>\n\n\n\n<p>2009&nbsp; Laila Kindberg<\/p>\n\n\n\n<p>2010&nbsp; Eva Dywling<\/p>\n\n\n\n<p>2011&nbsp; Gunnel Wennstr\u00f6m<\/p>\n\n\n\n<p>2012&nbsp; Laila Kindberg&nbsp;<\/p>\n\n\n\n<p>2013 &nbsp;Gunnel Wennstr\u00f6m<\/p>\n\n\n\n<p>2014&nbsp; Barbro Holmstr\u00f6m<\/p>\n\n\n\n<p>2015&nbsp; Elisabeth Persson<\/p>\n\n\n\n<p>2016&nbsp; Cecilia Andersson<\/p>\n\n\n\n<p>2017&nbsp; Laila Kindberg<\/p>\n\n\n\n<p>2018&nbsp; Michaela Sim\u00e4ngen<\/p>\n\n\n\n<p>2019 &nbsp;Eva Hagman<\/p>\n\n\n\n<p>2020&nbsp; Ingen t\u00e4vling<\/p>\n\n\n\n<p>2021&nbsp; Cecilia Andersson<\/p>\n\n\n\n<p>2022&nbsp; Berit Grahn<\/p>\n\n\n\n<p>2023 Cecilia Andersson<\/p>\n\n\n\n<p>2024  Christina Knast M\u00e5nsson<\/p>\n\n\n\n<p>2025  Karin Nilsson<\/p>\n","protected":false},"excerpt":{"rendered":"<p>vinnare 1994&nbsp; Elisabeth Persson 1995&nbsp; Ingvor \u00c5hman 1996&nbsp; Elisabeth Persson 1997&nbsp; Agneta Paradis 1998&nbsp; Sandra J\u00f6sson 1999&nbsp; Kerstin Lindstr\u00f6m 2000&nbsp; Barbro Holmstr\u00f6m 2001&nbsp; Laila Kindberg 2002&nbsp; Sandra J\u00f6nsson 2003&nbsp; Sandra J\u00f6nsson 2004&nbsp; Cecilia Anderssson 2005&nbsp; Elisabeth Persson 2006&nbsp; Wictoria Gustafsson 2007&nbsp; Cecilia Andersson 2008&nbsp; Gunnel Wennstr\u00f6m 2009&nbsp; Laila Kindberg 2010&nbsp; Eva Dywling 2011&nbsp; Gunnel Wennstr\u00f6m [&hellip;]<\/p>\n","protected":false},"author":1,"featured_media":0,"parent":0,"menu_order":0,"comment_status":"closed","ping_status":"closed","template":"","meta":{"_mc_calendar":[],"footnotes":""},"class_list":["post-168","page","type-page","status-publish","hentry"],"_links":{"self":[{"href":"http:\/\/sillboularna.se\/index.php?rest_route=\/wp\/v2\/pages\/168","targetHints":{"allow":["GET"]}}],"collection":[{"href":"http:\/\/sillboularna.se\/index.php?rest_route=\/wp\/v2\/pages"}],"about":[{"href":"http:\/\/sillboularna.se\/index.php?rest_route=\/wp\/v2\/types\/page"}],"author":[{"embeddable":true,"href":"http:\/\/sillboularna.se\/index.php?rest_route=\/wp\/v2\/users\/1"}],"replies":[{"embeddable":true,"href":"http:\/\/sillboularna.se\/index.php?rest_route=%2Fwp%2Fv2%2Fcomments&post=168"}],"version-history":[{"count":5,"href":"http:\/\/sillboularna.se\/index.php?rest_route=\/wp\/v2\/pages\/168\/revisions"}],"predecessor-version":[{"id":1238,"href":"http:\/\/sillboularna.se\/index.php?rest_route=\/wp\/v2\/pages\/168\/revisions\/1238"}],"wp:attachment":[{"href":"http:\/\/sillboularna.se\/index.php?rest_route=%2Fwp%2Fv2%2Fmedia&parent=168"}],"curies":[{"name":"wp","href":"https:\/\/api.w.org\/{rel}","templated":true}]}}