{"id":170,"date":"2023-02-14T20:26:48","date_gmt":"2023-02-14T19:26:48","guid":{"rendered":"http:\/\/sillboularna.se\/?page_id=170"},"modified":"2025-07-08T20:28:19","modified_gmt":"2025-07-08T18:28:19","slug":"silvercupen-herrar","status":"publish","type":"page","link":"http:\/\/sillboularna.se\/?page_id=170","title":{"rendered":"Silvercupen &#8211; Herrar"},"content":{"rendered":"\n<h1 class=\"wp-block-heading\" id=\"ContentStart\">vinnare<\/h1>\n\n\n\n<p>1994&nbsp; Stig Norstr\u00f6m<\/p>\n\n\n\n<p>1995&nbsp; Lennart \u00c5hman<\/p>\n\n\n\n<p>1996&nbsp; Lennart \u00c5hman<\/p>\n\n\n\n<p>1997&nbsp; Lars Kroon<\/p>\n\n\n\n<p>1998&nbsp; Hans Wennstr\u00f6m<\/p>\n\n\n\n<p>1999&nbsp; Bjarne Axelsson<\/p>\n\n\n\n<p>2000&nbsp; Lennart \u00c5hman<\/p>\n\n\n\n<p>2001&nbsp; Truls Persson<\/p>\n\n\n\n<p>2002&nbsp; Willy Axelsson<\/p>\n\n\n\n<p>2003&nbsp; Bjarne Axelsson<\/p>\n\n\n\n<p>2004&nbsp; Bjarne Axelsson<\/p>\n\n\n\n<p>2005&nbsp; Bjarne Axelsson<\/p>\n\n\n\n<p>2006&nbsp; Bjarne Axelsson<\/p>\n\n\n\n<p>2007&nbsp; Sven Persson<\/p>\n\n\n\n<p>2008&nbsp; Allan Hjalmarsson<\/p>\n\n\n\n<p>2009&nbsp; Bertil J\u00f6nsson<\/p>\n\n\n\n<p>2010&nbsp; Bertil J\u00f6nsson<\/p>\n\n\n\n<p>2011&nbsp; Bjarne Axelsson&nbsp;<\/p>\n\n\n\n<p>2012&nbsp; Bjarne Axelsson<\/p>\n\n\n\n<p>2013&nbsp; Bjarne Axelsson<\/p>\n\n\n\n<p>2014&nbsp; Bjarne Axelsson<\/p>\n\n\n\n<p>2015&nbsp; Jan-Erik Nilsson<\/p>\n\n\n\n<p>2016&nbsp; Rolf Andersson<\/p>\n\n\n\n<p>2017&nbsp; Janne Nilsson<\/p>\n\n\n\n<p>2018&nbsp; Mustafa Houssein<\/p>\n\n\n\n<p>2019&nbsp; Barne Axelsson<\/p>\n\n\n\n<p>2020&nbsp; Ingen t\u00e4vling<\/p>\n\n\n\n<p>2021&nbsp; Rolf Andersson&nbsp;<\/p>\n\n\n\n<p>2022&nbsp; Rolf Andersson<\/p>\n\n\n\n<p>2023 Bo Montan<\/p>\n\n\n\n<p>2024  Jan-Erik Nilsson<\/p>\n\n\n\n<p>2025  Lars Kroon<\/p>\n","protected":false},"excerpt":{"rendered":"<p>vinnare 1994&nbsp; Stig Norstr\u00f6m 1995&nbsp; Lennart \u00c5hman 1996&nbsp; Lennart \u00c5hman 1997&nbsp; Lars Kroon 1998&nbsp; Hans Wennstr\u00f6m 1999&nbsp; Bjarne Axelsson 2000&nbsp; Lennart \u00c5hman 2001&nbsp; Truls Persson 2002&nbsp; Willy Axelsson 2003&nbsp; Bjarne Axelsson 2004&nbsp; Bjarne Axelsson 2005&nbsp; Bjarne Axelsson 2006&nbsp; Bjarne Axelsson 2007&nbsp; Sven Persson 2008&nbsp; Allan Hjalmarsson 2009&nbsp; Bertil J\u00f6nsson 2010&nbsp; Bertil J\u00f6nsson 2011&nbsp; Bjarne Axelsson&nbsp; [&hellip;]<\/p>\n","protected":false},"author":1,"featured_media":0,"parent":0,"menu_order":0,"comment_status":"closed","ping_status":"closed","template":"","meta":{"_mc_calendar":[],"footnotes":""},"class_list":["post-170","page","type-page","status-publish","hentry"],"_links":{"self":[{"href":"http:\/\/sillboularna.se\/index.php?rest_route=\/wp\/v2\/pages\/170","targetHints":{"allow":["GET"]}}],"collection":[{"href":"http:\/\/sillboularna.se\/index.php?rest_route=\/wp\/v2\/pages"}],"about":[{"href":"http:\/\/sillboularna.se\/index.php?rest_route=\/wp\/v2\/types\/page"}],"author":[{"embeddable":true,"href":"http:\/\/sillboularna.se\/index.php?rest_route=\/wp\/v2\/users\/1"}],"replies":[{"embeddable":true,"href":"http:\/\/sillboularna.se\/index.php?rest_route=%2Fwp%2Fv2%2Fcomments&post=170"}],"version-history":[{"count":6,"href":"http:\/\/sillboularna.se\/index.php?rest_route=\/wp\/v2\/pages\/170\/revisions"}],"predecessor-version":[{"id":1240,"href":"http:\/\/sillboularna.se\/index.php?rest_route=\/wp\/v2\/pages\/170\/revisions\/1240"}],"wp:attachment":[{"href":"http:\/\/sillboularna.se\/index.php?rest_route=%2Fwp%2Fv2%2Fmedia&parent=170"}],"curies":[{"name":"wp","href":"https:\/\/api.w.org\/{rel}","templated":true}]}}