{"id":204,"date":"2023-02-15T11:45:25","date_gmt":"2023-02-15T10:45:25","guid":{"rendered":"http:\/\/sillboularna.se\/?page_id=204"},"modified":"2025-10-28T18:44:14","modified_gmt":"2025-10-28T17:44:14","slug":"sillacupen","status":"publish","type":"page","link":"http:\/\/sillboularna.se\/?page_id=204","title":{"rendered":"Sillacupen"},"content":{"rendered":"\n<p><strong>Vinnare<\/strong><\/p>\n\n\n\n<p><strong>2019&nbsp;&nbsp;<\/strong>&nbsp;Iwe Kr\u00fcger , Bo Persson och Christina Rosander<\/p>\n\n\n\n<p>2020&nbsp; &nbsp; Ingen t\u00e4vling<\/p>\n\n\n\n<p>2021&nbsp; &nbsp; Ingen t\u00e4vling<\/p>\n\n\n\n<p>2022&nbsp; &nbsp;&nbsp;Per-Erik Holst, Dennis Paulsson och Ib Christensen<\/p>\n\n\n\n<p>2023  Bengt Christensson, Per-Olof Dahlberg och Uno Lindahl<\/p>\n\n\n\n<p>2024  Malin Sand\u00e9n, Birgitta Nordfors och Anders St\u00e5hl <\/p>\n\n\n\n<p>2025 Birgitta Nordfors Dahl \/ Malin Sand\u00e9n \/ Alexander Jacobsson<\/p>\n","protected":false},"excerpt":{"rendered":"<p>Vinnare 2019&nbsp;&nbsp;&nbsp;Iwe Kr\u00fcger , Bo Persson och Christina Rosander 2020&nbsp; &nbsp; Ingen t\u00e4vling 2021&nbsp; &nbsp; Ingen t\u00e4vling 2022&nbsp; &nbsp;&nbsp;Per-Erik Holst, Dennis Paulsson och Ib Christensen 2023 Bengt Christensson, Per-Olof Dahlberg och Uno Lindahl 2024 Malin Sand\u00e9n, Birgitta Nordfors och Anders St\u00e5hl 2025 Birgitta Nordfors Dahl \/ Malin Sand\u00e9n \/ Alexander Jacobsson<\/p>\n","protected":false},"author":1,"featured_media":0,"parent":0,"menu_order":0,"comment_status":"closed","ping_status":"closed","template":"","meta":{"_mc_calendar":[],"footnotes":""},"class_list":["post-204","page","type-page","status-publish","hentry"],"_links":{"self":[{"href":"http:\/\/sillboularna.se\/index.php?rest_route=\/wp\/v2\/pages\/204","targetHints":{"allow":["GET"]}}],"collection":[{"href":"http:\/\/sillboularna.se\/index.php?rest_route=\/wp\/v2\/pages"}],"about":[{"href":"http:\/\/sillboularna.se\/index.php?rest_route=\/wp\/v2\/types\/page"}],"author":[{"embeddable":true,"href":"http:\/\/sillboularna.se\/index.php?rest_route=\/wp\/v2\/users\/1"}],"replies":[{"embeddable":true,"href":"http:\/\/sillboularna.se\/index.php?rest_route=%2Fwp%2Fv2%2Fcomments&post=204"}],"version-history":[{"count":10,"href":"http:\/\/sillboularna.se\/index.php?rest_route=\/wp\/v2\/pages\/204\/revisions"}],"predecessor-version":[{"id":1285,"href":"http:\/\/sillboularna.se\/index.php?rest_route=\/wp\/v2\/pages\/204\/revisions\/1285"}],"wp:attachment":[{"href":"http:\/\/sillboularna.se\/index.php?rest_route=%2Fwp%2Fv2%2Fmedia&parent=204"}],"curies":[{"name":"wp","href":"https:\/\/api.w.org\/{rel}","templated":true}]}}