{"id":225,"date":"2023-02-15T20:40:47","date_gmt":"2023-02-15T19:40:47","guid":{"rendered":"http:\/\/sillboularna.se\/?page_id=225"},"modified":"2025-11-23T21:00:49","modified_gmt":"2025-11-23T20:00:49","slug":"styrelse","status":"publish","type":"page","link":"http:\/\/sillboularna.se\/?page_id=225","title":{"rendered":"Styrelse"},"content":{"rendered":"<h3><strong>Simrishamn BF Sillboularnas Styrelse 2025<\/strong><br \/><br \/><strong>Ordf\u00f6rande\u00a0 Christina Olsson \u00a0 \u00a0 <\/strong><br \/><strong>Ordinarie ledam\u00f6ter:\u00a0 <\/strong><br \/><strong style=\"color: initial;\">Gunnel Andersson<\/strong><br \/><strong>Ulf M\u00e5nsson<\/strong><br \/><strong>Karin Nilsson<\/strong><br \/><strong>Benny Bj\u00f6rkman<\/strong><br \/><strong>Malcolm H\u00f6\u00f6k<\/strong><br \/><strong>Peter Willhager\u00a0<\/strong><br \/><strong>Suppleanter: <\/strong><br \/><strong>J\u00f6rgen Karlsson, <\/strong><strong>Anders Ring<\/strong><\/h3>\n\n\n<p><\/p>\n\n\n\n<p><\/p>\n","protected":false},"excerpt":{"rendered":"<p>Simrishamn BF Sillboularnas Styrelse 2025 Ordf\u00f6rande\u00a0 Christina Olsson \u00a0 \u00a0 Ordinarie ledam\u00f6ter:\u00a0 Gunnel AnderssonUlf M\u00e5nssonKarin NilssonBenny Bj\u00f6rkmanMalcolm H\u00f6\u00f6kPeter Willhager\u00a0Suppleanter: J\u00f6rgen Karlsson, Anders Ring<\/p>\n","protected":false},"author":1,"featured_media":0,"parent":0,"menu_order":0,"comment_status":"closed","ping_status":"closed","template":"","meta":{"_mc_calendar":[],"footnotes":""},"class_list":["post-225","page","type-page","status-publish","hentry"],"_links":{"self":[{"href":"http:\/\/sillboularna.se\/index.php?rest_route=\/wp\/v2\/pages\/225","targetHints":{"allow":["GET"]}}],"collection":[{"href":"http:\/\/sillboularna.se\/index.php?rest_route=\/wp\/v2\/pages"}],"about":[{"href":"http:\/\/sillboularna.se\/index.php?rest_route=\/wp\/v2\/types\/page"}],"author":[{"embeddable":true,"href":"http:\/\/sillboularna.se\/index.php?rest_route=\/wp\/v2\/users\/1"}],"replies":[{"embeddable":true,"href":"http:\/\/sillboularna.se\/index.php?rest_route=%2Fwp%2Fv2%2Fcomments&post=225"}],"version-history":[{"count":18,"href":"http:\/\/sillboularna.se\/index.php?rest_route=\/wp\/v2\/pages\/225\/revisions"}],"predecessor-version":[{"id":1317,"href":"http:\/\/sillboularna.se\/index.php?rest_route=\/wp\/v2\/pages\/225\/revisions\/1317"}],"wp:attachment":[{"href":"http:\/\/sillboularna.se\/index.php?rest_route=%2Fwp%2Fv2%2Fmedia&parent=225"}],"curies":[{"name":"wp","href":"https:\/\/api.w.org\/{rel}","templated":true}]}}