{"id":235,"date":"2023-02-16T10:17:48","date_gmt":"2023-02-16T09:17:48","guid":{"rendered":"http:\/\/sillboularna.se\/?page_id=235"},"modified":"2025-10-28T19:19:11","modified_gmt":"2025-10-28T18:19:11","slug":"om-tavlingar","status":"publish","type":"page","link":"http:\/\/sillboularna.se\/?page_id=235","title":{"rendered":"Om T\u00e4vlingar"},"content":{"rendered":"\n<p><strong>Silvercupen<\/strong>&nbsp;\u00e4r en singelt\u00e4vling i dam- och herrklass f\u00f6r f\u00f6reningens medlemmar. Silvercupen spelades f\u00f6rsta g\u00e5ngen 1995 och tillkom efter att Simrishamns Kommun vid invigningen av boulebanorna i s\u00f6dra planteringen i maj 1994 sk\u00e4nkt ett h\u00e4ngsmycke och en slipsn\u00e5l i silver till f\u00f6reningen. H\u00e4ngsmycket och slipsn\u00e5len hade ett motiv skapat av simr\u00edshamnskonstn\u00e4rinnan Inga Berndin-Svensson. Licens kr\u00e4vs ej f\u00f6r att deltaga.<\/p>\n\n\n\n<p><strong>Sillacupen<\/strong>&nbsp;spelas \u00e5rligen i slutet p\u00e5 augusti. Licensierad t\u00e4vling.Spelplats S\u00f6dra planteringen. Kolla kalendern f\u00f6r exakt speldatum ! <\/p>\n\n\n\n<p><strong>Skansdubbeln<\/strong>&nbsp;spelas \u00e5rligen i slutet p\u00e5 oktober. Licensierad t\u00e4vling. Spelplats: Boulehallen. Kolla kalendern f\u00f6r exakt speldatum !<\/p>\n\n\n\n<p><strong>Tockacupen <\/strong>\u00e4r en inofficiell och l\u00e4ttsam Kick-Off inf\u00f6r den kommande sommars\u00e4songen. Cupen spelas som en enkel variant av Monrad och spelas som en dubbel med tremannalag. Tockacupen tillkom 2022 d\u00e5 det p\u00e5 grund av pandemin inte fanns s\u00e5 m\u00e5nga t\u00e4vlingar. <\/p>\n\n\n\n<p><strong>Lejonet och Sillen<\/strong> \u00e4r ett samarbete mellan Lions Club Simrishamn och Simrishamns BF Sillboularna. Arrangemanget \u00e4r nytt f\u00f6r 2023 och syftet med t\u00e4vlingen \u00e4r att samla in pengar f\u00f6r att st\u00f6tta Ukraina i sin kamp f\u00f6r sin frihet. F\u00f6rhoppningsvis \u00e4r detta en eng\u00e5ngsf\u00f6reteelse och att Ukraina kan befria sitt land mot de ryska angriparna inom kort. <\/p>\n\n\n\n<p><strong>\u00c5lacupen<\/strong> \u00e4r en inofficiell och l\u00e4ttsam Kick-Off inf\u00f6r den kommande vinters\u00e4songen. Cupen spelas som en enkel variant av Monrad och spelas som en dubbel med tremannalag. Tockacupen tillkom 2021 d\u00e5 det p\u00e5 grund av pandemin inte fanns s\u00e5 m\u00e5nga t\u00e4vlingar.<\/p>\n\n\n\n<p><\/p>\n","protected":false},"excerpt":{"rendered":"<p>Silvercupen&nbsp;\u00e4r en singelt\u00e4vling i dam- och herrklass f\u00f6r f\u00f6reningens medlemmar. Silvercupen spelades f\u00f6rsta g\u00e5ngen 1995 och tillkom efter att Simrishamns Kommun vid invigningen av boulebanorna i s\u00f6dra planteringen i maj 1994 sk\u00e4nkt ett h\u00e4ngsmycke och en slipsn\u00e5l i silver till f\u00f6reningen. H\u00e4ngsmycket och slipsn\u00e5len hade ett motiv skapat av simr\u00edshamnskonstn\u00e4rinnan Inga Berndin-Svensson. Licens kr\u00e4vs ej [&hellip;]<\/p>\n","protected":false},"author":1,"featured_media":0,"parent":0,"menu_order":0,"comment_status":"closed","ping_status":"closed","template":"","meta":{"_mc_calendar":[],"footnotes":""},"class_list":["post-235","page","type-page","status-publish","hentry"],"_links":{"self":[{"href":"http:\/\/sillboularna.se\/index.php?rest_route=\/wp\/v2\/pages\/235","targetHints":{"allow":["GET"]}}],"collection":[{"href":"http:\/\/sillboularna.se\/index.php?rest_route=\/wp\/v2\/pages"}],"about":[{"href":"http:\/\/sillboularna.se\/index.php?rest_route=\/wp\/v2\/types\/page"}],"author":[{"embeddable":true,"href":"http:\/\/sillboularna.se\/index.php?rest_route=\/wp\/v2\/users\/1"}],"replies":[{"embeddable":true,"href":"http:\/\/sillboularna.se\/index.php?rest_route=%2Fwp%2Fv2%2Fcomments&post=235"}],"version-history":[{"count":8,"href":"http:\/\/sillboularna.se\/index.php?rest_route=\/wp\/v2\/pages\/235\/revisions"}],"predecessor-version":[{"id":1290,"href":"http:\/\/sillboularna.se\/index.php?rest_route=\/wp\/v2\/pages\/235\/revisions\/1290"}],"wp:attachment":[{"href":"http:\/\/sillboularna.se\/index.php?rest_route=%2Fwp%2Fv2%2Fmedia&parent=235"}],"curies":[{"name":"wp","href":"https:\/\/api.w.org\/{rel}","templated":true}]}}