{"id":41,"date":"2023-02-04T22:38:41","date_gmt":"2023-02-04T21:38:41","guid":{"rendered":"http:\/\/sillboularna.se\/?page_id=41"},"modified":"2026-02-06T19:28:59","modified_gmt":"2026-02-06T18:28:59","slug":"mandag-lordag-14-00-16-00","status":"publish","type":"page","link":"http:\/\/sillboularna.se\/?page_id=41","title":{"rendered":"Tr\u00e4ningstider"},"content":{"rendered":"<p><strong>Sillboularnas tr\u00e4ningstider<\/strong><\/p>\n<p>M\u00e5ndag 14 &#8211; 16<br \/>\nTisdag\u00a0 \u00a014 &#8211; 16.\u00a0 \u00a018 &#8211; 20<br \/>\nOnsdag 14 &#8211; 16<br \/>\nTorsdag 14 &#8211; 16\u00a0 Inkl PRO och SPF.\u00a0 \u00a0 17.30 &#8211;\u00a0 Licensierade spelare<br \/>\nFredag\u00a0 \u00a014 &#8211; 16<br \/>\nL\u00f6rdag\u00a0 \u00a014 &#8211; 16<br \/>\nS\u00f6ndag\u00a0 14-16\u00a0 \u00a0G\u00e4ller \u00e4ven alla \u00f6vriga r\u00f6da dagar<\/p>\n","protected":false},"excerpt":{"rendered":"<p>Sillboularnas tr\u00e4ningstider M\u00e5ndag 14 &#8211; 16 Tisdag\u00a0 \u00a014 &#8211; 16.\u00a0 \u00a018 &#8211; 20 Onsdag 14 &#8211; 16 Torsdag 14 &#8211; 16\u00a0 Inkl PRO och SPF.\u00a0 \u00a0 17.30 &#8211;\u00a0 Licensierade spelare Fredag\u00a0 \u00a014 &#8211; 16 L\u00f6rdag\u00a0 \u00a014 &#8211; 16 S\u00f6ndag\u00a0 14-16\u00a0 \u00a0G\u00e4ller \u00e4ven alla \u00f6vriga r\u00f6da dagar<\/p>\n","protected":false},"author":1,"featured_media":0,"parent":0,"menu_order":0,"comment_status":"closed","ping_status":"closed","template":"","meta":{"_mc_calendar":[],"footnotes":""},"class_list":["post-41","page","type-page","status-publish","hentry"],"_links":{"self":[{"href":"http:\/\/sillboularna.se\/index.php?rest_route=\/wp\/v2\/pages\/41","targetHints":{"allow":["GET"]}}],"collection":[{"href":"http:\/\/sillboularna.se\/index.php?rest_route=\/wp\/v2\/pages"}],"about":[{"href":"http:\/\/sillboularna.se\/index.php?rest_route=\/wp\/v2\/types\/page"}],"author":[{"embeddable":true,"href":"http:\/\/sillboularna.se\/index.php?rest_route=\/wp\/v2\/users\/1"}],"replies":[{"embeddable":true,"href":"http:\/\/sillboularna.se\/index.php?rest_route=%2Fwp%2Fv2%2Fcomments&post=41"}],"version-history":[{"count":7,"href":"http:\/\/sillboularna.se\/index.php?rest_route=\/wp\/v2\/pages\/41\/revisions"}],"predecessor-version":[{"id":1336,"href":"http:\/\/sillboularna.se\/index.php?rest_route=\/wp\/v2\/pages\/41\/revisions\/1336"}],"wp:attachment":[{"href":"http:\/\/sillboularna.se\/index.php?rest_route=%2Fwp%2Fv2%2Fmedia&parent=41"}],"curies":[{"name":"wp","href":"https:\/\/api.w.org\/{rel}","templated":true}]}}