{"id":42,"date":"2023-02-04T22:38:41","date_gmt":"2023-02-04T21:38:41","guid":{"rendered":"http:\/\/sillboularna.se\/?page_id=42"},"modified":"2023-04-20T20:32:39","modified_gmt":"2023-04-20T18:32:39","slug":"arets-sillboulare","status":"publish","type":"page","link":"http:\/\/sillboularna.se\/?page_id=42","title":{"rendered":"\u00c5rets Sillboulare"},"content":{"rendered":"\n<div class=\"wp-block-cover is-light\" style=\"min-height:255px;aspect-ratio:unset;\"><span aria-hidden=\"true\" class=\"wp-block-cover__background has-background-dim-20 has-background-dim\"><\/span><img loading=\"lazy\" decoding=\"async\" width=\"365\" height=\"205\" class=\"wp-block-cover__image-background wp-image-80\" alt=\"\" src=\"http:\/\/sillboularna.se\/wp-content\/uploads\/2023\/02\/bild.png\" style=\"object-position:51% 0%\" data-object-fit=\"cover\" data-object-position=\"51% 0%\" srcset=\"http:\/\/sillboularna.se\/wp-content\/uploads\/2023\/02\/bild.png 365w, http:\/\/sillboularna.se\/wp-content\/uploads\/2023\/02\/bild-300x168.png 300w\" sizes=\"auto, (max-width: 365px) 100vw, 365px\" \/><div class=\"wp-block-cover__inner-container is-layout-flow wp-block-cover-is-layout-flow\">\n<p class=\"has-text-align-center has-white-color has-text-color has-background has-large-font-size\" style=\"background-color:#00000000\"><\/p>\n<\/div><\/div>\n\n\n\n<p><strong>Statuter f\u00f6r Sillboularnas vandringspris \u201d Sillboulare\u201d<\/strong><\/p>\n\n\n\n<p>Priset&nbsp; utdelas till den som under verksamhets\u00e5ret har \u201dtillf\u00f6rt f\u00f6reningen n\u00e5got alldeles extra som inte \u00e4r enbart&nbsp;kopplat till t\u00e4vlingsresultat p\u00e5 boulebana\u201d<\/p>\n\n\n\n<p>Exempelvis,&nbsp; skapat en positiv bild av f\u00f6reningen, arbetat det d\u00e4r lilla extra f\u00f6r verksamheten.<\/p>\n\n\n\n<p>Priset avser att uppm\u00e4rksamma de personer som l\u00e4gger ned ett stort och mycket n\u00f6dv\u00e4ndigt,&nbsp; samt mycket uppskattat ideellt arbete.<\/p>\n\n\n\n<p>Den som tilldelas priset skall nomineras av medlem med bifogad motivering. Pristagaren skall naturligtvis vara medlem. Nominering skall vara inl\u00e4mnad senast 14 dagar innan klubbens h\u00f6stfest.<\/p>\n\n\n\n<p>Sillboularnas styrelse \u00e4r den instans slutligen avg\u00f6r vem som tilldelas priset.<\/p>\n\n\n\n<p>Priset kommer att utdelas p\u00e5 Sillboularnas \u00e5rliga h\u00f6stfest<\/p>\n\n\n\n<p>Priset ska graveras \u00e5rligen med namn p\u00e5 pristagare.<\/p>\n\n\n\n<p>Priset kan ej utdelas tv\u00e5 \u00e5r i rad till samma person<\/p>\n\n\n\n<p>Det&nbsp; \u00e5ligger innehavaren att handha priset s\u00e5 att det inte skadas samt att \u00e5terl\u00e4mna det 14 dagar innan n\u00e4sta h\u00f6stfest till klubbens sekreterare.<\/p>\n\n\n\n<p>Det \u00e5ligger \u00e4ven pristagaren att agera Lucia vid den sedvanliga Lusseboulen innevarande \u00e5r.<\/p>\n\n\n\n<p>Priset \u00e4r sk\u00e4nkt av Michaela och Claes Sim\u00e4ngen.<\/p>\n\n\n\n<p>\u00c4gare av priset skall vara Simrishamns boulef\u00f6rening Sillboularna<\/p>\n\n\n\n<p><strong>\u00c5rets Sillboulare 2022 Tommy Hahn<\/strong><\/p>\n\n\n\n<figure class=\"wp-block-image size-large is-resized\"><img loading=\"lazy\" decoding=\"async\" src=\"http:\/\/sillboularna.se\/wp-content\/uploads\/2023\/02\/IMG_1982-2-1024x719.jpg\" alt=\"\" class=\"wp-image-335\" width=\"337\" height=\"239\"\/><\/figure>\n\n\n\n<p><strong>\u00c5rets Sillboulare 202<\/strong>1  <strong>Berit Grahn&nbsp;<\/strong><\/p>\n\n\n\n<p><strong>\u00c5rets Sillboulare 2020<\/strong>  <strong>Gunnel Andersson&nbsp;<\/strong><\/p>\n\n\n\n<p><strong>&nbsp;\u00c5rets Sillboulare 2019<\/strong>  <strong>Tommy Hahn<\/strong><\/p>\n\n\n\n<p><strong>&nbsp;\u00c5rets Sillboulare 20<\/strong>1<strong>8  Bjarne Axelsson<\/strong><\/p>\n\n\n\n<figure class=\"wp-block-image size-full is-resized\"><img loading=\"lazy\" decoding=\"async\" src=\"http:\/\/sillboularna.se\/wp-content\/uploads\/2023\/02\/arets-sillboulare009e-2.jpg\" alt=\"\" class=\"wp-image-329\" width=\"229\" height=\"172\" srcset=\"http:\/\/sillboularna.se\/wp-content\/uploads\/2023\/02\/arets-sillboulare009e-2.jpg 779w, http:\/\/sillboularna.se\/wp-content\/uploads\/2023\/02\/arets-sillboulare009e-2-300x225.jpg 300w, http:\/\/sillboularna.se\/wp-content\/uploads\/2023\/02\/arets-sillboulare009e-2-768x577.jpg 768w, http:\/\/sillboularna.se\/wp-content\/uploads\/2023\/02\/arets-sillboulare009e-2-399x300.jpg 399w\" sizes=\"auto, (max-width: 229px) 100vw, 229px\" \/><\/figure>\n\n\n\n<p><strong>&nbsp;\u00c5rets Sillboulare 2017 Britt Persson<\/strong><\/p>\n\n\n\n<figure class=\"wp-block-image size-full is-resized is-style-default\"><img loading=\"lazy\" decoding=\"async\" src=\"http:\/\/sillboularna.se\/wp-content\/uploads\/2023\/02\/Britt-3.jpg\" alt=\"\" class=\"wp-image-318\" width=\"259\" height=\"354\"\/><figcaption class=\"wp-element-caption\">Britt Persson \u00e4r den som handhar \u00c5rets Sillboulare 2017. En god, glad och hj\u00e4lpsam m\u00e4nniska. Tillika en duktig boulespelare samt k\u00e4nd i hela Sk\u00e5ne f\u00f6r sitt goda mos! Britt kommer, enl statuterna att vara Lucia p\u00e5 v\u00e5r sedvanliga Lusseboule.<\/figcaption><\/figure>\n\n\n\n<p><strong>&nbsp;\u00c5rets Sillboulare 2016 Jan-Erik Nilsson<\/strong><\/p>\n\n\n\n<figure class=\"wp-block-image size-full\"><img loading=\"lazy\" decoding=\"async\" width=\"211\" height=\"375\" src=\"http:\/\/sillboularna.se\/wp-content\/uploads\/2023\/02\/arets-sillboulare8874-2.jpg\" alt=\"\" class=\"wp-image-332\" srcset=\"http:\/\/sillboularna.se\/wp-content\/uploads\/2023\/02\/arets-sillboulare8874-2.jpg 211w, http:\/\/sillboularna.se\/wp-content\/uploads\/2023\/02\/arets-sillboulare8874-2-169x300.jpg 169w\" sizes=\"auto, (max-width: 211px) 100vw, 211px\" \/><\/figure>\n\n\n\n<p><\/p>\n\n\n\n<p><\/p>\n","protected":false},"excerpt":{"rendered":"<p>Statuter f\u00f6r Sillboularnas vandringspris \u201d Sillboulare\u201d Priset&nbsp; utdelas till den som under verksamhets\u00e5ret har \u201dtillf\u00f6rt f\u00f6reningen n\u00e5got alldeles extra som inte \u00e4r enbart&nbsp;kopplat till t\u00e4vlingsresultat p\u00e5 boulebana\u201d Exempelvis,&nbsp; skapat en positiv bild av f\u00f6reningen, arbetat det d\u00e4r lilla extra f\u00f6r verksamheten. Priset avser att uppm\u00e4rksamma de personer som l\u00e4gger ned ett stort och mycket n\u00f6dv\u00e4ndigt,&nbsp; [&hellip;]<\/p>\n","protected":false},"author":1,"featured_media":0,"parent":0,"menu_order":0,"comment_status":"closed","ping_status":"closed","template":"","meta":{"_mc_calendar":[],"footnotes":""},"class_list":["post-42","page","type-page","status-publish","hentry"],"_links":{"self":[{"href":"http:\/\/sillboularna.se\/index.php?rest_route=\/wp\/v2\/pages\/42","targetHints":{"allow":["GET"]}}],"collection":[{"href":"http:\/\/sillboularna.se\/index.php?rest_route=\/wp\/v2\/pages"}],"about":[{"href":"http:\/\/sillboularna.se\/index.php?rest_route=\/wp\/v2\/types\/page"}],"author":[{"embeddable":true,"href":"http:\/\/sillboularna.se\/index.php?rest_route=\/wp\/v2\/users\/1"}],"replies":[{"embeddable":true,"href":"http:\/\/sillboularna.se\/index.php?rest_route=%2Fwp%2Fv2%2Fcomments&post=42"}],"version-history":[{"count":15,"href":"http:\/\/sillboularna.se\/index.php?rest_route=\/wp\/v2\/pages\/42\/revisions"}],"predecessor-version":[{"id":486,"href":"http:\/\/sillboularna.se\/index.php?rest_route=\/wp\/v2\/pages\/42\/revisions\/486"}],"wp:attachment":[{"href":"http:\/\/sillboularna.se\/index.php?rest_route=%2Fwp%2Fv2%2Fmedia&parent=42"}],"curies":[{"name":"wp","href":"https:\/\/api.w.org\/{rel}","templated":true}]}}