{"id":5,"date":"2023-02-04T22:03:42","date_gmt":"2023-02-04T21:03:42","guid":{"rendered":"http:\/\/sillboularna.se\/?page_id=5"},"modified":"2023-02-16T08:03:57","modified_gmt":"2023-02-16T07:03:57","slug":"huvudsida","status":"publish","type":"page","link":"http:\/\/sillboularna.se\/","title":{"rendered":""},"content":{"rendered":"\n<figure class=\"wp-block-image size-full\"><img loading=\"lazy\" decoding=\"async\" width=\"667\" height=\"500\" src=\"http:\/\/sillboularna.se\/wp-content\/uploads\/2023\/02\/Forandrad1.png\" alt=\"\" class=\"wp-image-70\" srcset=\"http:\/\/sillboularna.se\/wp-content\/uploads\/2023\/02\/Forandrad1.png 667w, http:\/\/sillboularna.se\/wp-content\/uploads\/2023\/02\/Forandrad1-300x225.png 300w\" sizes=\"auto, (max-width: 667px) 100vw, 667px\" \/><figcaption class=\"wp-element-caption\">F\u00d6RBR\u00d6DRING OCH F\u00d6RSYSTRING P\u00c5 BORNHOLM<\/figcaption><\/figure>\n\n\n\n<div class=\"wp-block-columns alignfull is-layout-flex wp-container-core-columns-is-layout-9d6595d7 wp-block-columns-is-layout-flex\">\n<div class=\"wp-block-column is-layout-flow wp-block-column-is-layout-flow\" style=\"flex-basis:50%\">\n<div class=\"wp-block-cover\" style=\"min-height:602px;aspect-ratio:unset;\"><span aria-hidden=\"true\" class=\"wp-block-cover__background has-background-dim\" style=\"background-color:#f6f6f6\"><\/span><img loading=\"lazy\" decoding=\"async\" width=\"750\" height=\"1000\" class=\"wp-block-cover__image-background wp-image-81\" alt=\"\" src=\"http:\/\/sillboularna.se\/wp-content\/uploads\/2023\/02\/bild-1-e1675837121129.png\" data-object-fit=\"cover\" srcset=\"http:\/\/sillboularna.se\/wp-content\/uploads\/2023\/02\/bild-1-e1675837121129.png 750w, http:\/\/sillboularna.se\/wp-content\/uploads\/2023\/02\/bild-1-e1675837121129-225x300.png 225w\" sizes=\"auto, (max-width: 750px) 100vw, 750px\" \/><div class=\"wp-block-cover__inner-container is-layout-flow wp-block-cover-is-layout-flow\">\n<p class=\"has-text-align-center has-large-font-size\"><\/p>\n<\/div><\/div>\n<\/div>\n\n\n\n<div class=\"wp-block-column is-vertically-aligned-center is-layout-flow wp-block-column-is-layout-flow\" style=\"padding-top:1em;padding-right:1em;padding-bottom:1em;padding-left:1em\">\n<div class=\"wp-block-columns is-layout-flex wp-container-core-columns-is-layout-9d6595d7 wp-block-columns-is-layout-flex\">\n<div class=\"wp-block-column is-layout-flow wp-block-column-is-layout-flow\" style=\"flex-basis:320px\">\n<p class=\"has-small-font-size\" style=\"line-height:1.6\"><\/p>\n\n\n\n<p class=\"has-small-font-size\" style=\"line-height:1.6\"><\/p>\n<\/div>\n<\/div>\n<\/div>\n<\/div>\n","protected":false},"excerpt":{"rendered":"","protected":false},"author":1,"featured_media":0,"parent":0,"menu_order":0,"comment_status":"closed","ping_status":"closed","template":"templates\/fullwidth.php","meta":{"_mc_calendar":[],"footnotes":""},"class_list":["post-5","page","type-page","status-publish","hentry"],"_links":{"self":[{"href":"http:\/\/sillboularna.se\/index.php?rest_route=\/wp\/v2\/pages\/5","targetHints":{"allow":["GET"]}}],"collection":[{"href":"http:\/\/sillboularna.se\/index.php?rest_route=\/wp\/v2\/pages"}],"about":[{"href":"http:\/\/sillboularna.se\/index.php?rest_route=\/wp\/v2\/types\/page"}],"author":[{"embeddable":true,"href":"http:\/\/sillboularna.se\/index.php?rest_route=\/wp\/v2\/users\/1"}],"replies":[{"embeddable":true,"href":"http:\/\/sillboularna.se\/index.php?rest_route=%2Fwp%2Fv2%2Fcomments&post=5"}],"version-history":[{"count":9,"href":"http:\/\/sillboularna.se\/index.php?rest_route=\/wp\/v2\/pages\/5\/revisions"}],"predecessor-version":[{"id":365,"href":"http:\/\/sillboularna.se\/index.php?rest_route=\/wp\/v2\/pages\/5\/revisions\/365"}],"wp:attachment":[{"href":"http:\/\/sillboularna.se\/index.php?rest_route=%2Fwp%2Fv2%2Fmedia&parent=5"}],"curies":[{"name":"wp","href":"https:\/\/api.w.org\/{rel}","templated":true}]}}